{"id":3181,"date":"2019-10-07T08:38:03","date_gmt":"2019-10-07T08:38:03","guid":{"rendered":"https:\/\/hotelarts-gasteizcentro.com\/nosotros\/"},"modified":"2020-07-20T15:11:19","modified_gmt":"2020-07-20T15:11:19","slug":"out-hotel","status":"publish","type":"page","link":"https:\/\/hotelarts-gasteizcentro.com\/en\/out-hotel\/","title":{"rendered":"Our Hotel"},"content":{"rendered":"<p>[vc_row content_placement=&#8221;middle&#8221;][vc_column width=&#8221;1\/2&#8243;]<div class=\"sohohotel-title3 sohohotel-title-color\"><h4>Arts Gasteiz<\/h4><\/div>[vc_column_text]<\/p>\n<p class=\"p1\"><span class=\"s1\">Our hotel is one of the few located in the Almendra Medieval, the Historic Center of the city, which represents an authentic walk through the history of Vitoria-Gasteiz. The names of its streets &#8211; \u2013<span style=\"color: #8fc1b6;\">Cuchiller\u00eda<\/span>, <span style=\"color: #8fc1b6;\">Herrer\u00eda<\/span>, <span style=\"color: #8fc1b6;\">Pintorer\u00eda<\/span>, <span style=\"color: #8fc1b6;\">Correr\u00eda<\/span>, (Cutlery, Blacksmithing, Pintorer\u00eda, Correr\u00eda) &#8211; recall the day to day activities that took place on them.<\/span><\/p>\n<p class=\"p2\"><span class=\"s1\">Medieval, Renaissance and Gothic and Plateresque styles are intertwined with <span style=\"color: #8fc1b6;\">avant-garde architecture and the most rabid modernity<\/span> of a vibrant city full of culture and gastronomy, open to business. A <span style=\"color: #8fc1b6;\">city of cinema<\/span> that has inspired novelists such as Ken Follett (A World Without End) and Toti Mart\u00ednez de Lezea (La Juder\u00eda) or Eva Garc\u00eda S\u00e1ez de Urturi (El silencio de la ciudad Blanca), among others.<\/span><\/p>\n<p class=\"p2\"><span class=\"s1\">And in the<\/span><span class=\"s2\">enter of everything<\/span><span class=\"s1\">, Arts-Gasteiz. <\/span><\/p>\n<p>[\/vc_column_text][vc_empty_space height=&#8221;10px&#8221;][\/vc_column][vc_column width=&#8221;1\/2&#8243;][vc_single_image image=&#8221;2584&#8243; img_size=&#8221;full&#8221;][\/vc_column][\/vc_row][vc_row content_placement=&#8221;middle&#8221; el_id=&#8221;opuesto&#8221;][vc_column width=&#8221;1\/2&#8243;][vc_single_image image=&#8221;2652&#8243; img_size=&#8221;full&#8221;][\/vc_column][vc_column width=&#8221;1\/2&#8243;]<div class=\"sohohotel-title3 sohohotel-title-color\"><h4>In Vitoria<\/h4><\/div>[vc_column_text]<\/p>\n<p class=\"p1\"><span class=\"s1\">We are one of the few hotels located within the old town. With \u201c<span style=\"color: #8fc1b6;\">la Kutxi<\/span>\u201d (Calle Cuchilleria) one step away, you will be at the perfect point to enjoy the city as a Gasteiztarra (Vitoriano). It is the perfect starting point to your tourist and gastronomic tour from the morning until late at night.<\/span><\/p>\n<p class=\"p1\"><span class=\"s1\">Everyone who visits Vitoria, falls in love with its streets. The high quality of life and its <span style=\"color: #8fc1b6;\">wide natural spaces <\/span> are hallmarks of the city. Its commitment to promoting the natural environment has led it to be one of the most committed cities with the environment, becoming the <span style=\"color: #8fc1b6;\">European Green Capital<\/span>. Enjoy the walks in our parks or in the Green Belt that surrounds us.<\/span><\/p>\n<p class=\"p1\"><span class=\"s1\">Its medieval and Renaissance town, declared a monumental <span style=\"color: #8fc1b6;\">complex since 1997,<\/span> makes lovers of architecture and art fall in love with its beauty. <\/span><\/p>\n<p class=\"p1\"><span class=\"s1\">Conquer the gourmet palates with its taverns and restaurants, full of pintxos, Rioja wines and traditional and avant-garde gastronomy. This is confirmed by the title obtained as the <span style=\"color: #8fc1b6;\">Spanish Capital of Gastronomy in 2014<\/span>. <\/span><\/p>\n<p class=\"p1\"><span class=\"s1\">It welcomes visitors with its affable character, making them feel at home, whether it is in the plazas with the swirling of the markets and the children playing and exchanging cards, or while enjoying music in its nightlife to the rhythm of jazz, rock or punk. <\/span><\/p>\n<p>[\/vc_column_text][\/vc_column][\/vc_row]<\/p>\n","protected":false},"excerpt":{"rendered":"<p>[vc_row content_placement=&#8221;middle&#8221;][vc_column width=&#8221;1\/2&#8243;][vc_column_text] Our hotel is one of the few located in the Almendra Medieval, the Historic Center of the city, which represents an authentic walk through the history of Vitoria-Gasteiz. The names of its streets &#8211; \u2013Cuchiller\u00eda, Herrer\u00eda, Pintorer\u00eda, Correr\u00eda, (Cutlery, Blacksmithing, Pintorer\u00eda, Correr\u00eda) &#8211; recall the day to day activities that took place<\/p>\n<a href=\"https:\/\/hotelarts-gasteizcentro.com\/en\/out-hotel\/\" class=\"sohohotel-more-link\">Read More<i class=\"fa fa-angle-right\"><\/i><\/a>","protected":false},"author":2,"featured_media":0,"parent":0,"menu_order":0,"comment_status":"closed","ping_status":"closed","template":"","meta":{"_monsterinsights_skip_tracking":false,"_monsterinsights_sitenote_active":false,"_monsterinsights_sitenote_note":"","_monsterinsights_sitenote_category":0,"footnotes":""},"class_list":["post-3181","page","type-page","status-publish","hentry"],"yoast_head":"<!-- This site is optimized with the Yoast SEO plugin v26.9 - https:\/\/yoast.com\/product\/yoast-seo-wordpress\/ -->\n<title>Hotel en el casco hist\u00f3rico de Vitoria - Hotel Arts-Gasteiz<\/title>\n<meta name=\"description\" content=\"Hotel ubicado en el Casco hist\u00f3rico de Vitoria, que representa un aut\u00e9ntico paseo por la historia de Vitoria-Gasteiz. Al\u00f3jamiento ideal para conocer la ciudad y su encanto.\" \/>\n<meta name=\"robots\" content=\"index, follow, max-snippet:-1, max-image-preview:large, max-video-preview:-1\" \/>\n<link rel=\"canonical\" href=\"https:\/\/hotelarts-gasteizcentro.com\/nosotros\/\" \/>\n<meta property=\"og:locale\" content=\"en_US\" \/>\n<meta property=\"og:type\" content=\"article\" \/>\n<meta property=\"og:title\" content=\"Hotel en el casco hist\u00f3rico de Vitoria - Hotel Arts-Gasteiz\" \/>\n<meta property=\"og:description\" content=\"Hotel ubicado en el Casco hist\u00f3rico de Vitoria, que representa un aut\u00e9ntico paseo por la historia de Vitoria-Gasteiz. Al\u00f3jamiento ideal para conocer la ciudad y su encanto.\" \/>\n<meta property=\"og:url\" content=\"https:\/\/hotelarts-gasteizcentro.com\/nosotros\/\" \/>\n<meta property=\"og:site_name\" content=\"Hotel Arts-Gasteiz\" \/>\n<meta property=\"article:publisher\" content=\"https:\/\/www.facebook.com\/pages\/category\/Hotel\/Hotel-Arts-Gasteiz-101359944809410\/\" \/>\n<meta property=\"article:modified_time\" content=\"2020-07-20T15:11:19+00:00\" \/>\n<meta name=\"twitter:card\" content=\"summary_large_image\" \/>\n<meta name=\"twitter:label1\" content=\"Est. reading time\" \/>\n\t<meta name=\"twitter:data1\" content=\"2 minutes\" \/>\n<script type=\"application\/ld+json\" class=\"yoast-schema-graph\">{\"@context\":\"https:\/\/schema.org\",\"@graph\":[{\"@type\":\"WebPage\",\"@id\":\"https:\/\/hotelarts-gasteizcentro.com\/nosotros\/\",\"url\":\"https:\/\/hotelarts-gasteizcentro.com\/nosotros\/\",\"name\":\"Hotel en el casco hist\u00f3rico de Vitoria - Hotel Arts-Gasteiz\",\"isPartOf\":{\"@id\":\"https:\/\/hotelarts-gasteizcentro.com\/#website\"},\"datePublished\":\"2019-10-07T08:38:03+00:00\",\"dateModified\":\"2020-07-20T15:11:19+00:00\",\"description\":\"Hotel ubicado en el Casco hist\u00f3rico de Vitoria, que representa un aut\u00e9ntico paseo por la historia de Vitoria-Gasteiz. Al\u00f3jamiento ideal para conocer la ciudad y su encanto.\",\"breadcrumb\":{\"@id\":\"https:\/\/hotelarts-gasteizcentro.com\/nosotros\/#breadcrumb\"},\"inLanguage\":\"en-US\",\"potentialAction\":[{\"@type\":\"ReadAction\",\"target\":[\"https:\/\/hotelarts-gasteizcentro.com\/nosotros\/\"]}]},{\"@type\":\"BreadcrumbList\",\"@id\":\"https:\/\/hotelarts-gasteizcentro.com\/nosotros\/#breadcrumb\",\"itemListElement\":[{\"@type\":\"ListItem\",\"position\":1,\"name\":\"Portada\",\"item\":\"https:\/\/hotelarts-gasteizcentro.com\/en\/\"},{\"@type\":\"ListItem\",\"position\":2,\"name\":\"Our Hotel\"}]},{\"@type\":\"WebSite\",\"@id\":\"https:\/\/hotelarts-gasteizcentro.com\/#website\",\"url\":\"https:\/\/hotelarts-gasteizcentro.com\/\",\"name\":\"Hotel Arts-Gasteiz\",\"description\":\"Hotel en el centro de Vitoria\",\"publisher\":{\"@id\":\"https:\/\/hotelarts-gasteizcentro.com\/#organization\"},\"potentialAction\":[{\"@type\":\"SearchAction\",\"target\":{\"@type\":\"EntryPoint\",\"urlTemplate\":\"https:\/\/hotelarts-gasteizcentro.com\/?s={search_term_string}\"},\"query-input\":{\"@type\":\"PropertyValueSpecification\",\"valueRequired\":true,\"valueName\":\"search_term_string\"}}],\"inLanguage\":\"en-US\"},{\"@type\":\"Organization\",\"@id\":\"https:\/\/hotelarts-gasteizcentro.com\/#organization\",\"name\":\"Hotel Arts-Gasteiz\",\"url\":\"https:\/\/hotelarts-gasteizcentro.com\/\",\"logo\":{\"@type\":\"ImageObject\",\"inLanguage\":\"en-US\",\"@id\":\"https:\/\/hotelarts-gasteizcentro.com\/#\/schema\/logo\/image\/\",\"url\":\"https:\/\/hotelarts-gasteizcentro.com\/wp-content\/uploads\/2020\/02\/logo-1.jpg\",\"contentUrl\":\"https:\/\/hotelarts-gasteizcentro.com\/wp-content\/uploads\/2020\/02\/logo-1.jpg\",\"width\":216,\"height\":29,\"caption\":\"Hotel Arts-Gasteiz\"},\"image\":{\"@id\":\"https:\/\/hotelarts-gasteizcentro.com\/#\/schema\/logo\/image\/\"},\"sameAs\":[\"https:\/\/www.facebook.com\/pages\/category\/Hotel\/Hotel-Arts-Gasteiz-101359944809410\/\"]}]}<\/script>\n<!-- \/ Yoast SEO plugin. -->","yoast_head_json":{"title":"Hotel en el casco hist\u00f3rico de Vitoria - Hotel Arts-Gasteiz","description":"Hotel ubicado en el Casco hist\u00f3rico de Vitoria, que representa un aut\u00e9ntico paseo por la historia de Vitoria-Gasteiz. Al\u00f3jamiento ideal para conocer la ciudad y su encanto.","robots":{"index":"index","follow":"follow","max-snippet":"max-snippet:-1","max-image-preview":"max-image-preview:large","max-video-preview":"max-video-preview:-1"},"canonical":"https:\/\/hotelarts-gasteizcentro.com\/nosotros\/","og_locale":"en_US","og_type":"article","og_title":"Hotel en el casco hist\u00f3rico de Vitoria - Hotel Arts-Gasteiz","og_description":"Hotel ubicado en el Casco hist\u00f3rico de Vitoria, que representa un aut\u00e9ntico paseo por la historia de Vitoria-Gasteiz. Al\u00f3jamiento ideal para conocer la ciudad y su encanto.","og_url":"https:\/\/hotelarts-gasteizcentro.com\/nosotros\/","og_site_name":"Hotel Arts-Gasteiz","article_publisher":"https:\/\/www.facebook.com\/pages\/category\/Hotel\/Hotel-Arts-Gasteiz-101359944809410\/","article_modified_time":"2020-07-20T15:11:19+00:00","twitter_card":"summary_large_image","twitter_misc":{"Est. reading time":"2 minutes"},"schema":{"@context":"https:\/\/schema.org","@graph":[{"@type":"WebPage","@id":"https:\/\/hotelarts-gasteizcentro.com\/nosotros\/","url":"https:\/\/hotelarts-gasteizcentro.com\/nosotros\/","name":"Hotel en el casco hist\u00f3rico de Vitoria - Hotel Arts-Gasteiz","isPartOf":{"@id":"https:\/\/hotelarts-gasteizcentro.com\/#website"},"datePublished":"2019-10-07T08:38:03+00:00","dateModified":"2020-07-20T15:11:19+00:00","description":"Hotel ubicado en el Casco hist\u00f3rico de Vitoria, que representa un aut\u00e9ntico paseo por la historia de Vitoria-Gasteiz. Al\u00f3jamiento ideal para conocer la ciudad y su encanto.","breadcrumb":{"@id":"https:\/\/hotelarts-gasteizcentro.com\/nosotros\/#breadcrumb"},"inLanguage":"en-US","potentialAction":[{"@type":"ReadAction","target":["https:\/\/hotelarts-gasteizcentro.com\/nosotros\/"]}]},{"@type":"BreadcrumbList","@id":"https:\/\/hotelarts-gasteizcentro.com\/nosotros\/#breadcrumb","itemListElement":[{"@type":"ListItem","position":1,"name":"Portada","item":"https:\/\/hotelarts-gasteizcentro.com\/en\/"},{"@type":"ListItem","position":2,"name":"Our Hotel"}]},{"@type":"WebSite","@id":"https:\/\/hotelarts-gasteizcentro.com\/#website","url":"https:\/\/hotelarts-gasteizcentro.com\/","name":"Hotel Arts-Gasteiz","description":"Hotel en el centro de Vitoria","publisher":{"@id":"https:\/\/hotelarts-gasteizcentro.com\/#organization"},"potentialAction":[{"@type":"SearchAction","target":{"@type":"EntryPoint","urlTemplate":"https:\/\/hotelarts-gasteizcentro.com\/?s={search_term_string}"},"query-input":{"@type":"PropertyValueSpecification","valueRequired":true,"valueName":"search_term_string"}}],"inLanguage":"en-US"},{"@type":"Organization","@id":"https:\/\/hotelarts-gasteizcentro.com\/#organization","name":"Hotel Arts-Gasteiz","url":"https:\/\/hotelarts-gasteizcentro.com\/","logo":{"@type":"ImageObject","inLanguage":"en-US","@id":"https:\/\/hotelarts-gasteizcentro.com\/#\/schema\/logo\/image\/","url":"https:\/\/hotelarts-gasteizcentro.com\/wp-content\/uploads\/2020\/02\/logo-1.jpg","contentUrl":"https:\/\/hotelarts-gasteizcentro.com\/wp-content\/uploads\/2020\/02\/logo-1.jpg","width":216,"height":29,"caption":"Hotel Arts-Gasteiz"},"image":{"@id":"https:\/\/hotelarts-gasteizcentro.com\/#\/schema\/logo\/image\/"},"sameAs":["https:\/\/www.facebook.com\/pages\/category\/Hotel\/Hotel-Arts-Gasteiz-101359944809410\/"]}]}},"_links":{"self":[{"href":"https:\/\/hotelarts-gasteizcentro.com\/en\/wp-json\/wp\/v2\/pages\/3181","targetHints":{"allow":["GET"]}}],"collection":[{"href":"https:\/\/hotelarts-gasteizcentro.com\/en\/wp-json\/wp\/v2\/pages"}],"about":[{"href":"https:\/\/hotelarts-gasteizcentro.com\/en\/wp-json\/wp\/v2\/types\/page"}],"author":[{"embeddable":true,"href":"https:\/\/hotelarts-gasteizcentro.com\/en\/wp-json\/wp\/v2\/users\/2"}],"replies":[{"embeddable":true,"href":"https:\/\/hotelarts-gasteizcentro.com\/en\/wp-json\/wp\/v2\/comments?post=3181"}],"version-history":[{"count":3,"href":"https:\/\/hotelarts-gasteizcentro.com\/en\/wp-json\/wp\/v2\/pages\/3181\/revisions"}],"predecessor-version":[{"id":3186,"href":"https:\/\/hotelarts-gasteizcentro.com\/en\/wp-json\/wp\/v2\/pages\/3181\/revisions\/3186"}],"wp:attachment":[{"href":"https:\/\/hotelarts-gasteizcentro.com\/en\/wp-json\/wp\/v2\/media?parent=3181"}],"curies":[{"name":"wp","href":"https:\/\/api.w.org\/{rel}","templated":true}]}}